{"id":3362,"date":"2018-10-20T11:30:01","date_gmt":"2018-10-20T11:30:01","guid":{"rendered":"http:\/\/evisprodukttestblog.de\/?page_id=3362"},"modified":"2025-10-07T08:35:44","modified_gmt":"2025-10-07T08:35:44","slug":"referenzen","status":"publish","type":"page","link":"https:\/\/evisprodukttestblog.de\/?page_id=3362","title":{"rendered":"\u00dcber mich &#x2665; Einblicke in meinen Blog &amp; bisherige Kooperationen"},"content":{"rendered":"<div class=\"wp-block-image is-resized\">\n<figure class=\"aligncenter size-large\"><img loading=\"lazy\" decoding=\"async\" width=\"336\" height=\"237\" src=\"https:\/\/evisprodukttestblog.de\/wp-content\/uploads\/2020\/04\/Screenshot-2020-04-30-20.38.09.png\" alt=\"\" class=\"wp-image-9430\" style=\"width:202px;height:auto\" srcset=\"https:\/\/evisprodukttestblog.de\/wp-content\/uploads\/2020\/04\/Screenshot-2020-04-30-20.38.09.png 336w, https:\/\/evisprodukttestblog.de\/wp-content\/uploads\/2020\/04\/Screenshot-2020-04-30-20.38.09-300x212.png 300w\" sizes=\"auto, (max-width: 336px) 100vw, 336px\" \/><\/figure>\n<\/div>\n\n\n<p class=\"has-text-align-center\">***<\/p>\n\n\n\n<p class=\"has-text-align-left\">Herzlich willkommen auf meinem Blog &#x2665;<br><br>Mein Name ist Evi &#x1f44b; <br>Ich bin verheiratet, Zweifachmama und zuhause im wundersch\u00f6nen Niederbayern. <br><br>Neben Job und B\u00fcroalltag genie\u00dfe ich gemeinsam mit meiner Familie und vier neugierigen Stubentigern das bunte Alltagschaos zwischen Kindern, Garten, Ausfl\u00fcgen und nat\u00fcrlich meinem Blog.<\/p>\n\n\n\n<p>Gestartet habe ich 2015 \u2013 eigentlich ganz zuf\u00e4llig. <br>W\u00e4hrend meines Mutterschutzes bin ich durch einen TV-Beitrag auf das Thema Couponing gesto\u00dfen. <br>Aus anf\u00e4nglicher Neugier wurde schnell Leidenschaft, und schon bald entdeckte ich die Welt der Produkttests. Anfangs trudelten nur wenige P\u00e4ckchen ein, doch mit der Zeit wurden es immer mehr \u2013 und damit wuchs auch meine Community.<\/p>\n\n\n\n<p><strong>Heute schreibe ich hier \u00fcber das, was mir wirklich Freude macht: <\/strong><br>spannende Produkttests, kreative Foodbox-Reviews, Familienalltag, Ausfl\u00fcge und kleine Wohlf\u00fchlmomente im Leben. Mein Blog ist f\u00fcr mich der perfekte Mix aus Kreativit\u00e4t, Austausch und der Chance, Neues zu entdecken.<\/p>\n\n\n\n<p class=\"has-text-align-left\">Auch wenn Kooperationen in letzter Zeit etwas seltener geworden sind \u2013 ich freue mich immer \u00fcber spannende neue Projekte und Partner, die zu mir und meinem Blog passen. <\/p>\n\n\n\n<p class=\"has-text-align-center\">***<\/p>\n\n\n<p style=\"text-align: center;\"><strong>Lob oder konstruktive Kritik zu meinen Beitr\u00e4gen?<\/strong><br \/><strong>Dann immer her damit \ud83d\ude09<\/strong><\/p>\n<\/p>\n\n\n<p><\/p>\n","protected":false},"excerpt":{"rendered":"<p>*** Herzlich willkommen auf meinem Blog &#x2665; Mein Name ist Evi &#x1f44b; Ich bin verheiratet, Zweifachmama und zuhause im wundersch\u00f6nen Niederbayern. Neben Job und B\u00fcroalltag<\/p>\n","protected":false},"author":1,"featured_media":0,"parent":0,"menu_order":0,"comment_status":"open","ping_status":"closed","template":"","meta":{"footnotes":""},"class_list":["post-3362","page","type-page","status-publish","hentry"],"_links":{"self":[{"href":"https:\/\/evisprodukttestblog.de\/index.php?rest_route=\/wp\/v2\/pages\/3362","targetHints":{"allow":["GET"]}}],"collection":[{"href":"https:\/\/evisprodukttestblog.de\/index.php?rest_route=\/wp\/v2\/pages"}],"about":[{"href":"https:\/\/evisprodukttestblog.de\/index.php?rest_route=\/wp\/v2\/types\/page"}],"author":[{"embeddable":true,"href":"https:\/\/evisprodukttestblog.de\/index.php?rest_route=\/wp\/v2\/users\/1"}],"replies":[{"embeddable":true,"href":"https:\/\/evisprodukttestblog.de\/index.php?rest_route=%2Fwp%2Fv2%2Fcomments&post=3362"}],"version-history":[{"count":21,"href":"https:\/\/evisprodukttestblog.de\/index.php?rest_route=\/wp\/v2\/pages\/3362\/revisions"}],"predecessor-version":[{"id":21467,"href":"https:\/\/evisprodukttestblog.de\/index.php?rest_route=\/wp\/v2\/pages\/3362\/revisions\/21467"}],"wp:attachment":[{"href":"https:\/\/evisprodukttestblog.de\/index.php?rest_route=%2Fwp%2Fv2%2Fmedia&parent=3362"}],"curies":[{"name":"wp","href":"https:\/\/api.w.org\/{rel}","templated":true}]}}