{"id":13,"date":"2018-03-06T17:18:23","date_gmt":"2018-03-06T17:18:23","guid":{"rendered":"http:\/\/evisprodukttestblog.de\/?page_id=13"},"modified":"2023-05-27T14:45:56","modified_gmt":"2023-05-27T14:45:56","slug":"ringdoorbell2","status":"publish","type":"page","link":"https:\/\/evisprodukttestblog.de\/?page_id=13","title":{"rendered":"Impressum &#038; Datenschutz"},"content":{"rendered":"<h1>Impressum<\/h1>\n<p><strong>Angaben gem\u00e4\u00df \u00a7 5 TMG<\/strong><\/p>\n<p>Auch g\u00fcltig f\u00fcr meine Socialkan\u00e4le:<br \/>\nInstagram: @evi.90.11<br \/>\nFacebook:&nbsp;Evis Produkttestblog<\/p>\n<p>Evi Attenberger-Kiefinger<br \/>\nPfarrsiedlung 35<br \/>\n84339 Unterdietfurt<\/p>\n<p><strong>Vertreten durch:&nbsp;<\/strong><br \/>\nEvi Attenberger-Kiefinger<\/p>\n<p><strong>Kontakt:<\/strong><br \/>\nE-Mail: produktvorstellungen@evisprodukttestblog.de<\/p>\n<p><strong>Verantwortlich f\u00fcr den Inhalt nach \u00a7 55 Abs. 2 RStV:<\/strong><br \/>\nEvi Attenberger-Kiefinger<br \/>\nPfarrsiedlung 35<br \/>\n84339 Unterdietfurt<\/p>\n<p><strong>Haftungsausschluss:&nbsp;<\/strong><\/p>\n<p><strong>Haftung f\u00fcr Inhalte<\/strong><\/p>\n<p>Die Inhalte meiner Seiten wurden mit gr\u00f6\u00dfter Sorgfalt erstellt. F\u00fcr die Richtigkeit, Vollst\u00e4ndigkeit und Aktualit\u00e4t der Inhalte kann ich jedoch keine Gew\u00e4hr \u00fcbernehmen. Als Diensteanbieter bin ich gem\u00e4\u00df \u00a7 7 Abs.1 TMG f\u00fcr eigene Inhalte auf diesen Seiten nach den allgemeinen Gesetzen verantwortlich. Nach \u00a7\u00a7 8 bis 10 TMG bin ich als Diensteanbieter jedoch nicht verpflichtet, \u00fcbermittelte oder gespeicherte fremde Informationen zu \u00fcberwachen oder nach Umst\u00e4nden zu forschen, die auf eine rechtswidrige T\u00e4tigkeit hinweisen. Verpflichtungen zur Entfernung oder Sperrung der Nutzung von Informationen nach den allgemeinen Gesetzen bleiben hiervon unber\u00fchrt. Eine diesbez\u00fcgliche Haftung ist jedoch erst ab dem Zeitpunkt der Kenntnis einer konkreten Rechtsverletzung m\u00f6glich. Bei Bekanntwerden von entsprechenden Rechtsverletzungen werden wir diese Inhalte umgehend entfernen.<\/p>\n<p><strong>Haftung f\u00fcr Links<\/strong><\/p>\n<p>Dieser Blog enth\u00e4lt Links zu externen Webseiten Dritter, auf deren Inhalte ich keinen Einfluss habe.<br \/>\nDeshalb kann ich f\u00fcr diese fremden Inhalte auch keine Gew\u00e4hr \u00fcbernehmen. F\u00fcr die Inhalte der verlinkten Seiten ist stets der jeweilige Anbieter oder Betreiber der Seiten verantwortlich. Die verlinkten Seiten wurden zum Zeitpunkt der Verlinkung auf m\u00f6gliche Rechtsverst\u00f6\u00dfe \u00fcberpr\u00fcft. Rechtswidrige Inhalte waren zum Zeitpunkt der Verlinkung nicht erkennbar. Eine permanente inhaltliche Kontrolle der verlinkten Seiten ist jedoch ohne konkrete Anhaltspunkte einer Rechtsverletzung nicht zumutbar. Bei Bekanntwerden von Rechtsverletzungen werden derartige Links umgehend entfernen.<\/p>\n<p><strong>Urheberrecht<\/strong><\/p>\n<p>Die durch die Seitenbetreiber erstellten Inhalte und Werke auf diesen Seiten unterliegen dem deutschen Urheberrecht. Die Vervielf\u00e4ltigung, Bearbeitung, Verbreitung und jede Art der Verwertung au\u00dferhalb der Grenzen des Urheberrechtes bed\u00fcrfen der schriftlichen Zustimmung des jeweiligen Autors bzw. Erstellers. Downloads und Kopien dieser Seite sind nicht gestattet! Soweit die Inhalte auf dieser Seite nicht vom Betreiber erstellt wurden, werden die Urheberrechte Dritter beachtet. Insbesondere werden Inhalte Dritter als solche gekennzeichnet. Sollten Sie trotzdem auf eine Urheberrechtsverletzung aufmerksam werden, bitte ich um einen entsprechenden Hinweis. Bei Bekanntwerden von Rechtsverletzungen werden derartige Inhalte umgehend entfernen.<\/p>\n<p style=\"text-align: center;\">***<\/p>\n<p><strong>Datenschutz<\/strong><\/p>\n<p>Die Nutzung meiner Webseite ist in der Regel ohne Angabe personenbezogener Daten m\u00f6glich. Soweit auf meiner Seiten personenbezogene Daten (beispielsweise Name, Anschrift oder eMail-Adresse) erhoben werden, erfolgt dies, soweit m\u00f6glich, stets auf freiwilliger Basis. Diese Daten werden ohne ausdr\u00fcckliche Zustimmung nicht an Dritte weitergegeben. Ich weise&nbsp;darauf hin, dass die Daten\u00fcbertragung im Internet (z.B. bei der Kommunikation per E-Mail) Sicherheitsl\u00fccken aufweisen kann. Ein l\u00fcckenloser Schutz der Daten vor dem Zugriff durch Dritte ist nicht m\u00f6glich.<\/p>\n<p>Der Nutzung von im Rahmen der Impressumspflicht ver\u00f6ffentlichten Kontaktdaten durch Dritte zur \u00dcbersendung von nicht ausdr\u00fccklich angeforderter Werbung und Informationsmaterialien wird hiermit ausdr\u00fccklich widersprochen. Die Betreiber der Seiten behalten sich ausdr\u00fccklich rechtliche Schritte im Falle der unverlangten Zusendung von Werbeinformationen, etwa durch Spam-Mails, vor.<\/p>\n<p style=\"text-align: center;\">***<\/p>\n<p class=\"font_8\" style=\"text-align: left;\"><strong>Datenschutzerkl\u00e4rung<br \/>\n<\/strong><br \/>\nGeltungsbereich<br \/>\nDiese Datenschutzerkl\u00e4rung soll die Nutzer dieser Website gem\u00e4\u00df Bundesdatenschutzgesetz und Telemediengesetz \u00fcber die Art, den Umfang und den Zweck der Erhebung und Verwendung personenbezogener Daten durch den Websitebetreiber [Evi Attenberger-Kiefinger] informieren.<\/p>\n<p class=\"font_8\" style=\"text-align: left;\">Der Websitebetreiber nimmt Ihren Datenschutz sehr ernst und behandelt Ihre personenbezogenen Daten vertraulich und entsprechend der gesetzlichen Vorschriften.<\/p>\n<p>Bedenken Sie, dass die Daten\u00fcbertragung im Internet grunds\u00e4tzlich mit Sicherheitsl\u00fccken bedacht sein kann. Ein vollumf\u00e4nglicher Schutz vor dem Zugriff durch Fremde ist nicht realisierbar.<\/p>\n<p class=\"font_8\" style=\"text-align: left;\"><strong>Zugriffsdaten<\/strong><br \/>\nDer Websitebetreiber bzw. Seitenprovider erhebt Daten \u00fcber Zugriffe auf die Seite und speichert diese als \u201eServer-Logfiles\u201c ab.<\/p>\n<p class=\"font_8\" style=\"text-align: left;\">Folgende Daten werden so protokolliert:<br \/>\n\u2022 Besuchte Website<br \/>\n\u2022 Uhrzeit zum Zeitpunkt des Zugriffes<br \/>\n\u2022 Menge der gesendeten Daten in Byte<br \/>\n\u2022 Quelle\/Verweis, von welchem Sie auf die Seite gelangten<br \/>\n\u2022 Verwendeter Browser<br \/>\n\u2022 Verwendetes Betriebssystem<br \/>\n\u2022 Verwendete IP-Adresse<\/p>\n<p>Die erhobenen Daten dienen lediglich statistischen Auswertungen und zur Verbesserung der Website. Der Websitebetreiber beh\u00e4lt sich allerdings vor, die Server-Logfiles nachtr\u00e4glich zu \u00fcberpr\u00fcfen, sollten konkrete Anhaltspunkte auf eine rechtswidrige Nutzung hinweisen.<\/p>\n<p class=\"font_8\" style=\"text-align: left;\"><strong>Cookies<\/strong><br \/>\nDiese Website verwendet Cookies. Dabei handelt es sich um kleine Textdateien, welche auf Ihrem Endger\u00e4t gespeichert werden. Ihr Browser greift auf diese Dateien zu. Durch den Einsatz von Cookies erh\u00f6ht sich die Benutzerfreundlichkeit und Sicherheit dieser Website.<\/p>\n<p>G\u00e4ngige Browser bieten die Einstellungsoption, Cookies nicht zuzulassen.<\/p>\n<p class=\"font_8\" style=\"text-align: left;\"><strong>Hinweis: Es ist&nbsp;<\/strong><strong>nicht gew\u00e4hrleistet, dass Sie auf alle Funktionen dieser Website ohne Einschr\u00e4nkungen&nbsp;<\/strong><strong>zugreifen k\u00f6nnen, wenn Sie entsprechende Einstellungen vornehmen<\/strong>.<\/p>\n<p class=\"font_8\" style=\"text-align: left;\"><strong>Umgang mit personenbezogenen Daten<\/strong><br \/>\nDer Websitebetreiber erhebt, nutzt und gibt Ihre personenbezogenen Daten nur dann weiter, wenn dies im gesetzlichen Rahmen erlaubt ist oder Sie in die Datenerhebung einwilligen.<\/p>\n<p>Als personenbezogene Daten gelten s\u00e4mtliche Informationen, welche dazu dienen, Ihre Person zu bestimmen und welche zu Ihnen zur\u00fcckverfolgt werden k\u00f6nnen \u2013 also beispielsweise Ihr Name, Ihre E-Mail-Adresse und Telefonnummer.<\/p>\n<p class=\"font_8\" style=\"text-align: left;\"><strong>Umgang mit Kontaktdaten<\/strong><br \/>\nNehmen Sie mit dem Websitebetreiber durch die angebotenen Kontaktm\u00f6glichkeiten Verbindung auf, werden Ihre Angaben gespeichert, damit auf diese zur Bearbeitung und Beantwortung Ihrer Anfrage zur\u00fcckgegriffen werden kann. Ohne Ihre Einwilligung werden diese Daten nicht an Dritte weitergegeben.<\/p>\n<p><strong>Umgang mit Kommentaren und Beitr\u00e4gen<\/strong><br \/>\nHinterlassen Sie auf dieser Website einen Beitrag oder Kommentar, wird Ihre IP-Adresse gespeichert. Dies dient der Sicherheit des Websitebetreibers: Verst\u00f6\u00dft Ihr Text gegen das Recht, m\u00f6chte er Ihre Identit\u00e4t nachverfolgen k\u00f6nnen.<\/p>\n<p class=\"font_8\" style=\"text-align: left;\"><strong>Abonnements<\/strong><br \/>\nSie haben die M\u00f6glichkeit, sowohl die gesamte Website als auch Nachfolgekommentare auf Ihren Beitrag zu abonnieren. Sie erhalten eine E-Mail zur Best\u00e4tigung Ihrer E-Mail-Adresse. Neben dieser werden keine weiteren Daten erhoben. Die gespeicherten Daten werden nicht an Dritte weitergereicht. Sie k\u00f6nnen ein Abonnement jederzeit abbestellen.<\/p>\n<p class=\"font_8\" style=\"text-align: left;\"><strong>Google Analytics<\/strong><br \/>\nDiese Website nutzt den Dienst \u201eGoogle Analytics\u201c, welcher von der Google Inc. (1600 Amphitheatre Parkway Mountain View, CA 94043, USA) angeboten wird, zur Analyse der Websitebenutzung durch Nutzer. Der Dienst verwendet \u201eCookies\u201c \u2013 Textdateien, welche auf Ihrem Endger\u00e4t gespeichert werden. Die durch die Cookies gesammelten Informationen werden im Regelfall an einen Google-Server in den USA gesandt und dort gespeichert.<br \/>\nAuf dieser Website greift die IP-Anonymisierung. Die IP-Adresse der Nutzer wird innerhalb der Mitgliedsstaaten der EU und des Europ\u00e4ischen Wirtschaftsraum gek\u00fcrzt. Durch diese K\u00fcrzung entf\u00e4llt der Personenbezug Ihrer IP-Adresse. Im Rahmen der Vereinbarung zur Auftragsdatenvereinbarung, welche die Websitebetreiber mit der Google Inc. geschlossen haben, erstellt diese mithilfe der gesammelten Informationen eine Auswertung der<br \/>\nWebsitenutzung und der Websiteaktivit\u00e4t und erbringt mit der Internetnutzung verbundene Dienstleistungen.<\/p>\n<p class=\"font_8\" style=\"text-align: left;\">Sie haben die M\u00f6glichkeit, die Speicherung des Cookies auf Ihrem Ger\u00e4t zu verhindern, indem Sie in Ihrem Browser entsprechende Einstellungen vornehmen. Es ist nicht gew\u00e4hrleistet, dass Sie auf alle Funktionen dieser Website ohne Einschr\u00e4nkungen zugreifen k\u00f6nnen, wenn Ihr Browser keine Cookies zul\u00e4sst.<\/p>\n<p class=\"font_8\" style=\"text-align: left;\">Weiterhin k\u00f6nnen Sie durch ein Browser-Plugin verhindern, dass die durch Cookies gesammelten Informationen (inklusive Ihrer IP-Adresse) an die Google Inc. gesendet und von der Google Inc. genutzt werden.<\/p>\n<p>Hier finden Sie weitere Informationen zur Datennutzung durch die Google Inc.: https:\/\/support.google.com\/analytics\/answer\/6004245?hl=de<\/p>\n<p><strong>Instagram<\/strong><br \/>\nAuf meinen Seiten sind Funktionen des Dienstes Instagram eingebunden. Diese Funktionen werden angeboten durch die Instagram Inc., 1601 Willow Road, Menlo Park, CA, 94025, USA integriert. Wenn Sie in Ihrem Instagram-Account eingeloggt sind k\u00f6nnen Sie durch Anklicken des Instagram-Buttons die Inhalte unserer Seiten mit Ihrem Instagram-Profil verlinken. Dadurch kann Instagram den Besuch unserer Seiten Ihrem Benutzerkonto zuordnen. Wir weisen darauf hin, dass wir als Anbieter der Seiten keine Kenntnis vom Inhalt der \u00fcbermittelten Daten sowie deren Nutzung durch Instagram erhalten. Weitere Informationen hierzu finden Sie in der Datenschutzerkl\u00e4rung von Instagram: https:\/\/instagram.com\/about\/legal\/privacy\/<\/p>\n<p style=\"text-align: center;\">***<\/p>\n<p>Auf meiner Webseite werden Inhalte Dritter eingebunden.<br \/>\nDies setzt immer voraus, dass die Anbieter dieser Inhalte (nachfolgend bezeichnet als \u201eDritt-Anbieter\u201c) die IP-Adresse der Nutzer wahr nehmen. Denn ohne die IP-Adresse, k\u00f6nnten sie die Inhalte nicht an den Browser des jeweiligen Nutzers senden. Die IP-Adresse ist damit f\u00fcr die Darstellung dieser Inhalte erforderlich. Ich bem\u00fche mich, nur solche Inhalte zu verwenden, deren jeweilige Anbieter die IP-Adresse lediglich zur Auslieferung der Inhalte verwenden. Jedoch habe ich keinen Einfluss darauf, falls die Dritt-Anbieter die IP-Adresse z.B. f\u00fcr statistische Zwecke speichern.<br \/>\nSoweit mir dies bekannt ist, kl\u00e4re ich die Nutzer dar\u00fcber auf.<\/p>\n","protected":false},"excerpt":{"rendered":"<p>Impressum Angaben gem\u00e4\u00df \u00a7 5 TMG Auch g\u00fcltig f\u00fcr meine Socialkan\u00e4le: Instagram: @evi.90.11 Facebook:&nbsp;Evis Produkttestblog Evi Attenberger-Kiefinger Pfarrsiedlung 35 84339 Unterdietfurt Vertreten durch:&nbsp; Evi Attenberger-Kiefinger<\/p>\n","protected":false},"author":1,"featured_media":0,"parent":0,"menu_order":0,"comment_status":"closed","ping_status":"closed","template":"","meta":{"footnotes":""},"class_list":["post-13","page","type-page","status-publish","hentry"],"_links":{"self":[{"href":"https:\/\/evisprodukttestblog.de\/index.php?rest_route=\/wp\/v2\/pages\/13","targetHints":{"allow":["GET"]}}],"collection":[{"href":"https:\/\/evisprodukttestblog.de\/index.php?rest_route=\/wp\/v2\/pages"}],"about":[{"href":"https:\/\/evisprodukttestblog.de\/index.php?rest_route=\/wp\/v2\/types\/page"}],"author":[{"embeddable":true,"href":"https:\/\/evisprodukttestblog.de\/index.php?rest_route=\/wp\/v2\/users\/1"}],"replies":[{"embeddable":true,"href":"https:\/\/evisprodukttestblog.de\/index.php?rest_route=%2Fwp%2Fv2%2Fcomments&post=13"}],"version-history":[{"count":25,"href":"https:\/\/evisprodukttestblog.de\/index.php?rest_route=\/wp\/v2\/pages\/13\/revisions"}],"predecessor-version":[{"id":19211,"href":"https:\/\/evisprodukttestblog.de\/index.php?rest_route=\/wp\/v2\/pages\/13\/revisions\/19211"}],"wp:attachment":[{"href":"https:\/\/evisprodukttestblog.de\/index.php?rest_route=%2Fwp%2Fv2%2Fmedia&parent=13"}],"curies":[{"name":"wp","href":"https:\/\/api.w.org\/{rel}","templated":true}]}}